{"id":340,"date":"2021-01-06T19:09:07","date_gmt":"2021-01-06T18:09:07","guid":{"rendered":"https:\/\/alimentsmeretmonde.com\/?page_id=340"},"modified":"2021-01-14T21:40:44","modified_gmt":"2021-01-14T20:40:44","slug":"nachos-a-la-viande","status":"publish","type":"page","link":"https:\/\/alimentsmeretmonde.com\/?page_id=340","title":{"rendered":"Nachos \u00e0 la viande"},"content":{"rendered":"<p>[et_pb_section fb_built=\u00a0\u00bb1&Prime; custom_padding_last_edited=\u00a0\u00bboff|desktop\u00a0\u00bb next_background_color=\u00a0\u00bb#ffffff\u00a0\u00bb admin_label=\u00a0\u00bbHeader Section\u00a0\u00bb _builder_version=\u00a0\u00bb4.7.7&Prime; use_background_color_gradient=\u00a0\u00bbon\u00a0\u00bb background_color_gradient_start=\u00a0\u00bb#ffffff\u00a0\u00bb background_color_gradient_end=\u00a0\u00bbrgba(255,255,255,0)\u00a0\u00bb background_color_gradient_overlays_image=\u00a0\u00bbon\u00a0\u00bb background_image=\u00a0\u00bbhttps:\/\/alimentsmeretmonde.com\/wp-content\/uploads\/2021\/01\/Nachos-avec-viande-hache_Marketerre_Aliments-Mer-Monde.jpg\u00a0\u00bb custom_padding=\u00a0\u00bb8%|0px|97px|0px||\u00a0\u00bb custom_padding_tablet=\u00a0\u00bb320px|0px|0px|0px\u00a0\u00bb bottom_divider_style=\u00a0\u00bbarrow\u00a0\u00bb bottom_divider_height=\u00a0\u00bb131px\u00a0\u00bb animation_style=\u00a0\u00bbfade\u00a0\u00bb box_shadow_style=\u00a0\u00bbpreset7&Prime; box_shadow_horizontal=\u00a0\u00bb0px\u00a0\u00bb box_shadow_vertical=\u00a0\u00bb-180px\u00a0\u00bb box_shadow_color=\u00a0\u00bb#f9f9f9&Prime;][et_pb_row admin_label=\u00a0\u00bbHeader Row\u00a0\u00bb _builder_version=\u00a0\u00bb3.25&Prime;][et_pb_column type=\u00a0\u00bb4_4&Prime; _builder_version=\u00a0\u00bb3.25&Prime; custom_padding=\u00a0\u00bb|||\u00a0\u00bb custom_padding__hover=\u00a0\u00bb|||\u00a0\u00bb][et_pb_text _builder_version=\u00a0\u00bb4.7.7&Prime; text_font=\u00a0\u00bbOpen Sans|600|||||||\u00a0\u00bb text_font_size=\u00a0\u00bb16px\u00a0\u00bb text_line_height=\u00a0\u00bb1.8em\u00a0\u00bb header_font=\u00a0\u00bbOswald|||on|||||\u00a0\u00bb header_text_color=\u00a0\u00bb#3f3f3f\u00a0\u00bb header_font_size=\u00a0\u00bb60px\u00a0\u00bb header_letter_spacing=\u00a0\u00bb5px\u00a0\u00bb header_line_height=\u00a0\u00bb1.4em\u00a0\u00bb text_orientation=\u00a0\u00bbcenter\u00a0\u00bb max_width=\u00a0\u00bb700px\u00a0\u00bb module_alignment=\u00a0\u00bbcenter\u00a0\u00bb animation_style=\u00a0\u00bbfade\u00a0\u00bb]<\/p>\n<h1>Nachos \u00e0 la viande<\/h1>\n<p>&nbsp;<\/p>\n<p>[\/et_pb_text][\/et_pb_column][\/et_pb_row][et_pb_row column_structure=\u00a0\u00bb1_3,1_3,1_3&Prime; make_equal=\u00a0\u00bbon\u00a0\u00bb admin_label=\u00a0\u00bbBasic Info Row\u00a0\u00bb _builder_version=\u00a0\u00bb4.7.7&Prime; background_color=\u00a0\u00bb#ffffff\u00a0\u00bb custom_margin=\u00a0\u00bb8%|||\u00a0\u00bb custom_padding=\u00a0\u00bb50px|5%|50px|5%\u00a0\u00bb animation_style=\u00a0\u00bbslide\u00a0\u00bb animation_direction=\u00a0\u00bbtop\u00a0\u00bb animation_duration=\u00a0\u00bb550ms\u00a0\u00bb animation_intensity_slide=\u00a0\u00bb8%\u00a0\u00bb animation_starting_opacity=\u00a0\u00bb52%\u00a0\u00bb border_radii=\u00a0\u00bbon|5px|5px|5px|5px\u00a0\u00bb][et_pb_column type=\u00a0\u00bb1_3&Prime; _builder_version=\u00a0\u00bb3.25&Prime; custom_padding=\u00a0\u00bb|||\u00a0\u00bb custom_padding__hover=\u00a0\u00bb|||\u00a0\u00bb][et_pb_text _builder_version=\u00a0\u00bb4.7.7&Prime; text_font=\u00a0\u00bbOswald||||||||\u00a0\u00bb text_font_size=\u00a0\u00bb32px\u00a0\u00bb text_line_height=\u00a0\u00bb1.5em\u00a0\u00bb header_4_font=\u00a0\u00bbJosefin Sans|700||on|||||\u00a0\u00bb header_4_font_size=\u00a0\u00bb11px\u00a0\u00bb header_4_letter_spacing=\u00a0\u00bb1.5px\u00a0\u00bb header_4_line_height=\u00a0\u00bb1.2em\u00a0\u00bb locked=\u00a0\u00bboff\u00a0\u00bb]<\/p>\n<h4>Pr\u00e9paration<\/h4>\n<p>15 minutes<\/p>\n<p>[\/et_pb_text][\/et_pb_column][et_pb_column type=\u00a0\u00bb1_3&Prime; _builder_version=\u00a0\u00bb3.25&Prime; custom_padding=\u00a0\u00bb|||\u00a0\u00bb custom_padding__hover=\u00a0\u00bb|||\u00a0\u00bb][et_pb_text _builder_version=\u00a0\u00bb4.7.7&Prime; text_font=\u00a0\u00bbOswald||||||||\u00a0\u00bb text_font_size=\u00a0\u00bb32px\u00a0\u00bb text_line_height=\u00a0\u00bb1.5em\u00a0\u00bb header_4_font=\u00a0\u00bbJosefin Sans|700||on|||||\u00a0\u00bb header_4_font_size=\u00a0\u00bb11px\u00a0\u00bb header_4_letter_spacing=\u00a0\u00bb1.5px\u00a0\u00bb header_4_line_height=\u00a0\u00bb1.2em\u00a0\u00bb locked=\u00a0\u00bboff\u00a0\u00bb]<\/p>\n<h4>Cuisson<\/h4>\n<p>20 minutes<\/p>\n<p>[\/et_pb_text][\/et_pb_column][et_pb_column type=\u00a0\u00bb1_3&Prime; _builder_version=\u00a0\u00bb3.25&Prime; custom_padding=\u00a0\u00bb|||\u00a0\u00bb custom_padding__hover=\u00a0\u00bb|||\u00a0\u00bb][et_pb_image src=\u00a0\u00bbhttps:\/\/alimentsmeretmonde.com\/wp-content\/uploads\/2021\/01\/Marketerre_TACO_condments_Porc-hache-assaisonne-1.png\u00a0\u00bb alt=\u00a0\u00bbSaveur-tacos_condiments_Marketerre_Aliments-Mer-&#038;-Monde\u00a0\u00bb title_text=\u00a0\u00bbMarketerre_TACO_condments_Porc-hach\u00e9-assaisonn\u00e9\u00a0\u00bb show_bottom_space_tablet=\u00a0\u00bb\u00a0\u00bb show_bottom_space_phone=\u00a0\u00bb\u00a0\u00bb show_bottom_space_last_edited=\u00a0\u00bbon|phone\u00a0\u00bb _builder_version=\u00a0\u00bb4.8.0&Prime; _module_preset=\u00a0\u00bbdefault\u00a0\u00bb custom_margin=\u00a0\u00bb-23px||||false|false\u00a0\u00bb hover_enabled=\u00a0\u00bb0&Prime; sticky_enabled=\u00a0\u00bb0&Prime;][\/et_pb_image][et_pb_text _builder_version=\u00a0\u00bb4.7.7&Prime; _module_preset=\u00a0\u00bbdefault\u00a0\u00bb text_font=\u00a0\u00bbJosefin Sans|700|||||||\u00a0\u00bb text_font_size=\u00a0\u00bb18px\u00a0\u00bb custom_margin=\u00a0\u00bb-41px|||||\u00a0\u00bb]<\/p>\n<p style=\"text-align: center;\">Porc hach\u00e9 assaisonn\u00e9 Marketerre M\u00e9lange \u00e0 tacos\u00a0<\/p>\n<p>[\/et_pb_text][\/et_pb_column][\/et_pb_row][\/et_pb_section][et_pb_section fb_built=\u00a0\u00bb1&Prime; admin_label=\u00a0\u00bbRecipe\u00a0\u00bb _builder_version=\u00a0\u00bb4.7.7&Prime; background_color=\u00a0\u00bb#ffffff\u00a0\u00bb use_background_color_gradient=\u00a0\u00bbon\u00a0\u00bb background_color_gradient_start=\u00a0\u00bb#ffffff\u00a0\u00bb background_color_gradient_end=\u00a0\u00bbrgba(255,255,255,0)\u00a0\u00bb custom_padding=\u00a0\u00bb33px|||||\u00a0\u00bb][et_pb_row column_structure=\u00a0\u00bb2_5,3_5&Prime; custom_padding_last_edited=\u00a0\u00bbon|tablet\u00a0\u00bb _builder_version=\u00a0\u00bb4.7.7&Prime; background_color=\u00a0\u00bb#ffffff\u00a0\u00bb max_width=\u00a0\u00bb1200px\u00a0\u00bb custom_padding=\u00a0\u00bb|60px||60px|false|true\u00a0\u00bb custom_padding_tablet=\u00a0\u00bb|30px||30px|false|true\u00a0\u00bb custom_padding_phone=\u00a0\u00bb|20px||20px|false|true\u00a0\u00bb animation_style=\u00a0\u00bbslide\u00a0\u00bb animation_direction=\u00a0\u00bbtop\u00a0\u00bb animation_intensity_slide=\u00a0\u00bb2%\u00a0\u00bb animation_starting_opacity=\u00a0\u00bb45%\u00a0\u00bb box_shadow_style=\u00a0\u00bbpreset3&Prime; box_shadow_vertical=\u00a0\u00bb200px\u00a0\u00bb box_shadow_blur=\u00a0\u00bb159px\u00a0\u00bb box_shadow_spread=\u00a0\u00bb-31px\u00a0\u00bb box_shadow_color=\u00a0\u00bbrgba(0,0,0,0.1)\u00a0\u00bb][et_pb_column type=\u00a0\u00bb2_5&Prime; _builder_version=\u00a0\u00bb4.4.4&Prime;][et_pb_text _builder_version=\u00a0\u00bb4.7.7&Prime; header_2_font=\u00a0\u00bbOpen Sans||||||||\u00a0\u00bb header_2_text_color=\u00a0\u00bb#4c4a3c\u00a0\u00bb header_2_font_size=\u00a0\u00bb40px\u00a0\u00bb header_2_line_height=\u00a0\u00bb1.2em\u00a0\u00bb header_2_font_size_tablet=\u00a0\u00bb62px\u00a0\u00bb header_2_font_size_phone=\u00a0\u00bb42px\u00a0\u00bb header_2_font_size_last_edited=\u00a0\u00bboff|desktop\u00a0\u00bb]<\/p>\n<h2>Ingr\u00e9dients<\/h2>\n<p>[\/et_pb_text][et_pb_text _builder_version=\u00a0\u00bb4.7.7&Prime; text_font=\u00a0\u00bb||||||||\u00a0\u00bb text_text_color=\u00a0\u00bb#000000&Prime; text_line_height=\u00a0\u00bb1.8em\u00a0\u00bb ul_font_size=\u00a0\u00bb16px\u00a0\u00bb ul_line_height=\u00a0\u00bb2em\u00a0\u00bb]<\/p>\n<ul>\n<li><strong>1 paquet\u00a0<\/strong>de porc hach\u00e9 Marketerre saveur taco<\/li>\n<li><strong>1 sac<\/strong>\u00a0de croustilles style nachos<\/li>\n<li><strong><span>\u00bd<\/span> oignon rouge<\/strong>\u00a0finement hach\u00e9<\/li>\n<li><strong><span>\u00bd<\/span> tasse de poivrons rouges<\/strong>\u00a0coup\u00e9s en d\u00e9s<\/li>\n<li><strong><span>\u00bd<\/span> tasse de poivrons verts\u00a0<\/strong>coup\u00e9s en d\u00e9s<\/li>\n<li><strong><span>\u00bd<\/span> tasse de tomates<\/strong>\u00a0coup\u00e9es en d\u00e9s<\/li>\n<li><span><strong>\u00bc tasse d&rsquo;olives<\/strong> noires ou kalamata<\/span><\/li>\n<li><b>1<span>\u00bd<\/span> tasse de fromage <\/b>r\u00e2p\u00e9 de votre choix<\/li>\n<li><strong><span>\u00bd<\/span> piment jalape\u00f1o<\/strong>\u00a0si d\u00e9sir\u00e9<\/li>\n<li><b>Salsa<\/b><\/li>\n<li><b>Cr\u00e8me s\u00fbre<\/b><\/li>\n<\/ul>\n<p>[\/et_pb_text][\/et_pb_column][et_pb_column type=\u00a0\u00bb3_5&Prime; _builder_version=\u00a0\u00bb4.4.4&Prime;][et_pb_text _builder_version=\u00a0\u00bb4.7.7&Prime; header_2_font=\u00a0\u00bbOpen Sans||||||||\u00a0\u00bb header_2_text_color=\u00a0\u00bb#D9C28E\u00a0\u00bb header_2_font_size=\u00a0\u00bb40px\u00a0\u00bb header_2_line_height=\u00a0\u00bb1.2em\u00a0\u00bb header_2_font_size_tablet=\u00a0\u00bb62px\u00a0\u00bb header_2_font_size_phone=\u00a0\u00bb42px\u00a0\u00bb header_2_font_size_last_edited=\u00a0\u00bbon|phone\u00a0\u00bb locked=\u00a0\u00bboff\u00a0\u00bb]<\/p>\n<h2>Pr\u00e9paration<\/h2>\n<p>[\/et_pb_text][et_pb_text _builder_version=\u00a0\u00bb4.7.7&Prime; text_font_size=\u00a0\u00bb16px\u00a0\u00bb text_line_height=\u00a0\u00bb2em\u00a0\u00bb header_3_font=\u00a0\u00bbOswald||||||||\u00a0\u00bb header_3_font_size=\u00a0\u00bb20px\u00a0\u00bb header_3_line_height=\u00a0\u00bb1.4em\u00a0\u00bb text_font_size_tablet=\u00a0\u00bb\u00a0\u00bb text_font_size_phone=\u00a0\u00bb14px\u00a0\u00bb text_font_size_last_edited=\u00a0\u00bbon|phone\u00a0\u00bb locked=\u00a0\u00bboff\u00a0\u00bb]<\/p>\n<h3>\u00c9tape 1<\/h3>\n<p>Dans une casserole, verser un filet d&rsquo;huile et faire cuire le porc hach\u00e9 assaisonn\u00e9\u00a0<strong>Marketerre<\/strong>\u00a0\u00e0 feu moyen-\u00e9lev\u00e9 pendant 8 \u00e0 10 minutes ou jusqu\u2019\u00e0 ce que la viande soit enti\u00e8rement brunie. \u00c9mietter les morceaux en cours de cuisson \u00e0 l\u2019aide d\u2019une spatule ou cuill\u00e8re en bois<\/p>\n<p>[\/et_pb_text][et_pb_text _builder_version=\u00a0\u00bb4.7.7&Prime; text_font_size=\u00a0\u00bb16px\u00a0\u00bb text_line_height=\u00a0\u00bb2em\u00a0\u00bb header_3_font=\u00a0\u00bbOswald||||||||\u00a0\u00bb header_3_font_size=\u00a0\u00bb20px\u00a0\u00bb header_3_line_height=\u00a0\u00bb1.4em\u00a0\u00bb text_font_size_tablet=\u00a0\u00bb\u00a0\u00bb text_font_size_phone=\u00a0\u00bb14px\u00a0\u00bb text_font_size_last_edited=\u00a0\u00bbon|phone\u00a0\u00bb locked=\u00a0\u00bboff\u00a0\u00bb]<\/p>\n<h3>\u00c9tape 2<\/h3>\n<p>Une fois la viande cuite, \u00e9goutter \u00e0 l&rsquo;aide d&rsquo;un tamis ou d&rsquo;une passoire, puis r\u00e9server<\/p>\n<p>[\/et_pb_text][et_pb_text _builder_version=\u00a0\u00bb4.7.7&Prime; text_font_size=\u00a0\u00bb16px\u00a0\u00bb text_line_height=\u00a0\u00bb2em\u00a0\u00bb header_3_font=\u00a0\u00bbOswald||||||||\u00a0\u00bb header_3_font_size=\u00a0\u00bb20px\u00a0\u00bb header_3_line_height=\u00a0\u00bb1.4em\u00a0\u00bb text_font_size_tablet=\u00a0\u00bb\u00a0\u00bb text_font_size_phone=\u00a0\u00bb14px\u00a0\u00bb text_font_size_last_edited=\u00a0\u00bbon|phone\u00a0\u00bb locked=\u00a0\u00bboff\u00a0\u00bb]<\/p>\n<h3>\u00c9tape 3<\/h3>\n<p>Hacher l&rsquo;oignon, couper les poivrons, les tomates et le piment jalapeno, puis r\u00e9server<\/p>\n<p>[\/et_pb_text][et_pb_text _builder_version=\u00a0\u00bb4.7.7&Prime; text_font_size=\u00a0\u00bb16px\u00a0\u00bb text_line_height=\u00a0\u00bb2em\u00a0\u00bb header_font=\u00a0\u00bbOswald||||||||\u00a0\u00bb header_3_font=\u00a0\u00bbOswald||||||||\u00a0\u00bb header_3_font_size=\u00a0\u00bb20px\u00a0\u00bb header_3_line_height=\u00a0\u00bb1.4em\u00a0\u00bb text_font_size_tablet=\u00a0\u00bb\u00a0\u00bb text_font_size_phone=\u00a0\u00bb14px\u00a0\u00bb text_font_size_last_edited=\u00a0\u00bbon|phone\u00a0\u00bb locked=\u00a0\u00bboff\u00a0\u00bb]<\/p>\n<h3>\u00c9tape 4<\/h3>\n<p>Dans un plat allant au four ou sur une plaque antiadh\u00e9sive, disperser les nachos et garnir avec la viande, les tomates, les poivrons, les oignons, les olives, le piment et le fromage.\u00a0<\/p>\n<p>[\/et_pb_text][et_pb_text _builder_version=\u00a0\u00bb4.7.7&Prime; text_font_size=\u00a0\u00bb16px\u00a0\u00bb text_line_height=\u00a0\u00bb2em\u00a0\u00bb header_3_font=\u00a0\u00bbOswald||||||||\u00a0\u00bb header_3_font_size=\u00a0\u00bb20px\u00a0\u00bb header_3_line_height=\u00a0\u00bb1.4em\u00a0\u00bb text_font_size_tablet=\u00a0\u00bb\u00a0\u00bb text_font_size_phone=\u00a0\u00bb14px\u00a0\u00bb text_font_size_last_edited=\u00a0\u00bbon|phone\u00a0\u00bb locked=\u00a0\u00bboff\u00a0\u00bb]<\/p>\n<h3>\u00c9tape 5<\/h3>\n<p>Placer au four \u00e0 400<span>\u00b0F (200\u00b0C) pendant 10 minutes, puis servir accompagn\u00e9 de salsa et de cr\u00e8me s\u00fbre<\/span><\/p>\n<p>[\/et_pb_text][\/et_pb_column][\/et_pb_row][\/et_pb_section]<\/p>\n","protected":false},"excerpt":{"rendered":"<p>Nachos \u00e0 la viande &nbsp;Pr\u00e9paration 15 minutesCuisson 20 minutesPorc hach\u00e9 assaisonn\u00e9 Marketerre M\u00e9lange \u00e0 tacos\u00a0Ingr\u00e9dients 1 paquet\u00a0de porc hach\u00e9 Marketerre saveur taco 1 sac\u00a0de croustilles style nachos \u00bd oignon rouge\u00a0finement hach\u00e9 \u00bd tasse de poivrons rouges\u00a0coup\u00e9s en d\u00e9s \u00bd tasse de poivrons verts\u00a0coup\u00e9s en d\u00e9s \u00bd tasse de tomates\u00a0coup\u00e9es en d\u00e9s \u00bc tasse d&rsquo;olives noires [&hellip;]<\/p>\n","protected":false},"author":3,"featured_media":308,"parent":329,"menu_order":0,"comment_status":"closed","ping_status":"closed","template":"","meta":{"_et_pb_use_builder":"on","_et_pb_old_content":"","_et_gb_content_width":"","footnotes":""},"class_list":["post-340","page","type-page","status-publish","has-post-thumbnail","hentry"],"yoast_head":"<!-- This site is optimized with the Yoast SEO plugin v27.1.1 - https:\/\/yoast.com\/product\/yoast-seo-wordpress\/ -->\n<title>Nachos \u00e0 la viande - Les Aliments Mer &amp; Monde<\/title>\n<meta name=\"robots\" content=\"index, follow, max-snippet:-1, max-image-preview:large, max-video-preview:-1\" \/>\n<link rel=\"canonical\" href=\"https:\/\/alimentsmeretmonde.com\/?page_id=340\" \/>\n<meta property=\"og:locale\" content=\"fr_CA\" \/>\n<meta property=\"og:type\" content=\"article\" \/>\n<meta property=\"og:title\" content=\"Nachos \u00e0 la viande - Les Aliments Mer &amp; Monde\" \/>\n<meta property=\"og:description\" content=\"Nachos \u00e0 la viande &nbsp;Pr\u00e9paration 15 minutesCuisson 20 minutesPorc hach\u00e9 assaisonn\u00e9 Marketerre M\u00e9lange \u00e0 tacos\u00a0Ingr\u00e9dients 1 paquet\u00a0de porc hach\u00e9 Marketerre saveur taco 1 sac\u00a0de croustilles style nachos \u00bd oignon rouge\u00a0finement hach\u00e9 \u00bd tasse de poivrons rouges\u00a0coup\u00e9s en d\u00e9s \u00bd tasse de poivrons verts\u00a0coup\u00e9s en d\u00e9s \u00bd tasse de tomates\u00a0coup\u00e9es en d\u00e9s \u00bc tasse d&#039;olives noires [&hellip;]\" \/>\n<meta property=\"og:url\" content=\"https:\/\/alimentsmeretmonde.com\/?page_id=340\" \/>\n<meta property=\"og:site_name\" content=\"Les Aliments Mer &amp; Monde\" \/>\n<meta property=\"article:publisher\" content=\"https:\/\/www.facebook.com\/Les-Aliments-Mer-et-Monde-733783563498776\" \/>\n<meta property=\"article:modified_time\" content=\"2021-01-14T20:40:44+00:00\" \/>\n<meta property=\"og:image\" content=\"https:\/\/alimentsmeretmonde.com\/wp-content\/uploads\/2021\/01\/Nachos-avec-viande-hache_Marketerre_Aliments-Mer-Monde.jpg\" \/>\n\t<meta property=\"og:image:width\" content=\"1024\" \/>\n\t<meta property=\"og:image:height\" content=\"683\" \/>\n\t<meta property=\"og:image:type\" content=\"image\/jpeg\" \/>\n<meta name=\"twitter:card\" content=\"summary_large_image\" \/>\n<meta name=\"twitter:label1\" content=\"Estimation du temps de lecture\" \/>\n\t<meta name=\"twitter:data1\" content=\"6 minutes\" \/>\n<script type=\"application\/ld+json\" class=\"yoast-schema-graph\">{\"@context\":\"https:\/\/schema.org\",\"@graph\":[{\"@type\":\"WebPage\",\"@id\":\"https:\/\/alimentsmeretmonde.com\/?page_id=340\",\"url\":\"https:\/\/alimentsmeretmonde.com\/?page_id=340\",\"name\":\"Nachos \u00e0 la viande - Les Aliments Mer &amp; Monde\",\"isPartOf\":{\"@id\":\"https:\/\/alimentsmeretmonde.com\/#website\"},\"primaryImageOfPage\":{\"@id\":\"https:\/\/alimentsmeretmonde.com\/?page_id=340#primaryimage\"},\"image\":{\"@id\":\"https:\/\/alimentsmeretmonde.com\/?page_id=340#primaryimage\"},\"thumbnailUrl\":\"https:\/\/alimentsmeretmonde.com\/wp-content\/uploads\/2021\/01\/Nachos-avec-viande-hache_Marketerre_Aliments-Mer-Monde.jpg\",\"datePublished\":\"2021-01-06T18:09:07+00:00\",\"dateModified\":\"2021-01-14T20:40:44+00:00\",\"breadcrumb\":{\"@id\":\"https:\/\/alimentsmeretmonde.com\/?page_id=340#breadcrumb\"},\"inLanguage\":\"fr-CA\",\"potentialAction\":[{\"@type\":\"ReadAction\",\"target\":[\"https:\/\/alimentsmeretmonde.com\/?page_id=340\"]}]},{\"@type\":\"ImageObject\",\"inLanguage\":\"fr-CA\",\"@id\":\"https:\/\/alimentsmeretmonde.com\/?page_id=340#primaryimage\",\"url\":\"https:\/\/alimentsmeretmonde.com\/wp-content\/uploads\/2021\/01\/Nachos-avec-viande-hache_Marketerre_Aliments-Mer-Monde.jpg\",\"contentUrl\":\"https:\/\/alimentsmeretmonde.com\/wp-content\/uploads\/2021\/01\/Nachos-avec-viande-hache_Marketerre_Aliments-Mer-Monde.jpg\",\"width\":6000,\"height\":4000,\"caption\":\"Nachos avec viande hach\u00e9_Marketerre_Aliments Mer & Monde\"},{\"@type\":\"BreadcrumbList\",\"@id\":\"https:\/\/alimentsmeretmonde.com\/?page_id=340#breadcrumb\",\"itemListElement\":[{\"@type\":\"ListItem\",\"position\":1,\"name\":\"Accueil\",\"item\":\"https:\/\/alimentsmeretmonde.com\/\"},{\"@type\":\"ListItem\",\"position\":2,\"name\":\"Recettes\",\"item\":\"https:\/\/alimentsmeretmonde.com\/?page_id=329\"},{\"@type\":\"ListItem\",\"position\":3,\"name\":\"Nachos \u00e0 la viande\"}]},{\"@type\":\"WebSite\",\"@id\":\"https:\/\/alimentsmeretmonde.com\/#website\",\"url\":\"https:\/\/alimentsmeretmonde.com\/\",\"name\":\"Les Aliments Mer et Monde\",\"description\":\"Notre passion \u00e0 votre service\",\"publisher\":{\"@id\":\"https:\/\/alimentsmeretmonde.com\/#organization\"},\"potentialAction\":[{\"@type\":\"SearchAction\",\"target\":{\"@type\":\"EntryPoint\",\"urlTemplate\":\"https:\/\/alimentsmeretmonde.com\/?s={search_term_string}\"},\"query-input\":{\"@type\":\"PropertyValueSpecification\",\"valueRequired\":true,\"valueName\":\"search_term_string\"}}],\"inLanguage\":\"fr-CA\"},{\"@type\":\"Organization\",\"@id\":\"https:\/\/alimentsmeretmonde.com\/#organization\",\"name\":\"Aliments Mer et Monde\",\"url\":\"https:\/\/alimentsmeretmonde.com\/\",\"logo\":{\"@type\":\"ImageObject\",\"inLanguage\":\"fr-CA\",\"@id\":\"https:\/\/alimentsmeretmonde.com\/#\/schema\/logo\/image\/\",\"url\":\"https:\/\/alimentsmeretmonde.com\/wp-content\/uploads\/2020\/12\/15689_Logo_MerMonde.png\",\"contentUrl\":\"https:\/\/alimentsmeretmonde.com\/wp-content\/uploads\/2020\/12\/15689_Logo_MerMonde.png\",\"width\":428,\"height\":238,\"caption\":\"Aliments Mer et Monde\"},\"image\":{\"@id\":\"https:\/\/alimentsmeretmonde.com\/#\/schema\/logo\/image\/\"},\"sameAs\":[\"https:\/\/www.facebook.com\/Les-Aliments-Mer-et-Monde-733783563498776\",\"https:\/\/www.instagram.com\/aliments.mer.et.monde\/\",\"https:\/\/www.linkedin.com\/company\/28932698\"]}]}<\/script>\n<!-- \/ Yoast SEO plugin. -->","yoast_head_json":{"title":"Nachos \u00e0 la viande - Les Aliments Mer &amp; Monde","robots":{"index":"index","follow":"follow","max-snippet":"max-snippet:-1","max-image-preview":"max-image-preview:large","max-video-preview":"max-video-preview:-1"},"canonical":"https:\/\/alimentsmeretmonde.com\/?page_id=340","og_locale":"fr_CA","og_type":"article","og_title":"Nachos \u00e0 la viande - Les Aliments Mer &amp; Monde","og_description":"Nachos \u00e0 la viande &nbsp;Pr\u00e9paration 15 minutesCuisson 20 minutesPorc hach\u00e9 assaisonn\u00e9 Marketerre M\u00e9lange \u00e0 tacos\u00a0Ingr\u00e9dients 1 paquet\u00a0de porc hach\u00e9 Marketerre saveur taco 1 sac\u00a0de croustilles style nachos \u00bd oignon rouge\u00a0finement hach\u00e9 \u00bd tasse de poivrons rouges\u00a0coup\u00e9s en d\u00e9s \u00bd tasse de poivrons verts\u00a0coup\u00e9s en d\u00e9s \u00bd tasse de tomates\u00a0coup\u00e9es en d\u00e9s \u00bc tasse d'olives noires [&hellip;]","og_url":"https:\/\/alimentsmeretmonde.com\/?page_id=340","og_site_name":"Les Aliments Mer &amp; Monde","article_publisher":"https:\/\/www.facebook.com\/Les-Aliments-Mer-et-Monde-733783563498776","article_modified_time":"2021-01-14T20:40:44+00:00","og_image":[{"url":"https:\/\/alimentsmeretmonde.com\/wp-content\/uploads\/2021\/01\/Nachos-avec-viande-hache_Marketerre_Aliments-Mer-Monde.jpg","width":1024,"height":683,"type":"image\/jpeg"}],"twitter_card":"summary_large_image","twitter_misc":{"Estimation du temps de lecture":"6 minutes"},"schema":{"@context":"https:\/\/schema.org","@graph":[{"@type":"WebPage","@id":"https:\/\/alimentsmeretmonde.com\/?page_id=340","url":"https:\/\/alimentsmeretmonde.com\/?page_id=340","name":"Nachos \u00e0 la viande - Les Aliments Mer &amp; Monde","isPartOf":{"@id":"https:\/\/alimentsmeretmonde.com\/#website"},"primaryImageOfPage":{"@id":"https:\/\/alimentsmeretmonde.com\/?page_id=340#primaryimage"},"image":{"@id":"https:\/\/alimentsmeretmonde.com\/?page_id=340#primaryimage"},"thumbnailUrl":"https:\/\/alimentsmeretmonde.com\/wp-content\/uploads\/2021\/01\/Nachos-avec-viande-hache_Marketerre_Aliments-Mer-Monde.jpg","datePublished":"2021-01-06T18:09:07+00:00","dateModified":"2021-01-14T20:40:44+00:00","breadcrumb":{"@id":"https:\/\/alimentsmeretmonde.com\/?page_id=340#breadcrumb"},"inLanguage":"fr-CA","potentialAction":[{"@type":"ReadAction","target":["https:\/\/alimentsmeretmonde.com\/?page_id=340"]}]},{"@type":"ImageObject","inLanguage":"fr-CA","@id":"https:\/\/alimentsmeretmonde.com\/?page_id=340#primaryimage","url":"https:\/\/alimentsmeretmonde.com\/wp-content\/uploads\/2021\/01\/Nachos-avec-viande-hache_Marketerre_Aliments-Mer-Monde.jpg","contentUrl":"https:\/\/alimentsmeretmonde.com\/wp-content\/uploads\/2021\/01\/Nachos-avec-viande-hache_Marketerre_Aliments-Mer-Monde.jpg","width":6000,"height":4000,"caption":"Nachos avec viande hach\u00e9_Marketerre_Aliments Mer & Monde"},{"@type":"BreadcrumbList","@id":"https:\/\/alimentsmeretmonde.com\/?page_id=340#breadcrumb","itemListElement":[{"@type":"ListItem","position":1,"name":"Accueil","item":"https:\/\/alimentsmeretmonde.com\/"},{"@type":"ListItem","position":2,"name":"Recettes","item":"https:\/\/alimentsmeretmonde.com\/?page_id=329"},{"@type":"ListItem","position":3,"name":"Nachos \u00e0 la viande"}]},{"@type":"WebSite","@id":"https:\/\/alimentsmeretmonde.com\/#website","url":"https:\/\/alimentsmeretmonde.com\/","name":"Les Aliments Mer et Monde","description":"Notre passion \u00e0 votre service","publisher":{"@id":"https:\/\/alimentsmeretmonde.com\/#organization"},"potentialAction":[{"@type":"SearchAction","target":{"@type":"EntryPoint","urlTemplate":"https:\/\/alimentsmeretmonde.com\/?s={search_term_string}"},"query-input":{"@type":"PropertyValueSpecification","valueRequired":true,"valueName":"search_term_string"}}],"inLanguage":"fr-CA"},{"@type":"Organization","@id":"https:\/\/alimentsmeretmonde.com\/#organization","name":"Aliments Mer et Monde","url":"https:\/\/alimentsmeretmonde.com\/","logo":{"@type":"ImageObject","inLanguage":"fr-CA","@id":"https:\/\/alimentsmeretmonde.com\/#\/schema\/logo\/image\/","url":"https:\/\/alimentsmeretmonde.com\/wp-content\/uploads\/2020\/12\/15689_Logo_MerMonde.png","contentUrl":"https:\/\/alimentsmeretmonde.com\/wp-content\/uploads\/2020\/12\/15689_Logo_MerMonde.png","width":428,"height":238,"caption":"Aliments Mer et Monde"},"image":{"@id":"https:\/\/alimentsmeretmonde.com\/#\/schema\/logo\/image\/"},"sameAs":["https:\/\/www.facebook.com\/Les-Aliments-Mer-et-Monde-733783563498776","https:\/\/www.instagram.com\/aliments.mer.et.monde\/","https:\/\/www.linkedin.com\/company\/28932698"]}]}},"_links":{"self":[{"href":"https:\/\/alimentsmeretmonde.com\/index.php?rest_route=\/wp\/v2\/pages\/340","targetHints":{"allow":["GET"]}}],"collection":[{"href":"https:\/\/alimentsmeretmonde.com\/index.php?rest_route=\/wp\/v2\/pages"}],"about":[{"href":"https:\/\/alimentsmeretmonde.com\/index.php?rest_route=\/wp\/v2\/types\/page"}],"author":[{"embeddable":true,"href":"https:\/\/alimentsmeretmonde.com\/index.php?rest_route=\/wp\/v2\/users\/3"}],"replies":[{"embeddable":true,"href":"https:\/\/alimentsmeretmonde.com\/index.php?rest_route=%2Fwp%2Fv2%2Fcomments&post=340"}],"version-history":[{"count":10,"href":"https:\/\/alimentsmeretmonde.com\/index.php?rest_route=\/wp\/v2\/pages\/340\/revisions"}],"predecessor-version":[{"id":612,"href":"https:\/\/alimentsmeretmonde.com\/index.php?rest_route=\/wp\/v2\/pages\/340\/revisions\/612"}],"up":[{"embeddable":true,"href":"https:\/\/alimentsmeretmonde.com\/index.php?rest_route=\/wp\/v2\/pages\/329"}],"wp:featuredmedia":[{"embeddable":true,"href":"https:\/\/alimentsmeretmonde.com\/index.php?rest_route=\/wp\/v2\/media\/308"}],"wp:attachment":[{"href":"https:\/\/alimentsmeretmonde.com\/index.php?rest_route=%2Fwp%2Fv2%2Fmedia&parent=340"}],"curies":[{"name":"wp","href":"https:\/\/api.w.org\/{rel}","templated":true}]}}